{"id":16859,"date":"2016-08-31T18:10:03","date_gmt":"2016-08-31T18:10:03","guid":{"rendered":"http:\/\/tierarzt-hoeppner.de\/wp\/wordpress\/?page_id=16859"},"modified":"2016-11-02T21:55:36","modified_gmt":"2016-11-02T21:55:36","slug":"vom-pferd-leben","status":"publish","type":"page","link":"https:\/\/tierarzt-hoeppner.de\/wp\/wordpress\/index.php\/vom-pferd-leben\/","title":{"rendered":"Vom Pferd leben \u2026"},"content":{"rendered":"<p>[vc_row row_type=&#8220;row&#8220; type=&#8220;grid&#8220; text_align=&#8220;left&#8220; padding_top=&#8220;40&#8243; background_color=&#8220;#ffffff&#8220; padding_bottom=&#8220;20&#8243;][vc_column width=&#8220;1\/1&#8243;][vc_column_text]<\/p>\n<h2 style=\"text-align: center;\">Vom Pferd leben\u2026<\/h2>\n<p>[\/vc_column_text][vc_separator type=&#8220;small&#8220; position=&#8220;center&#8220; down=&#8220;38&#8243; up=&#8220;7&#8243;][vc_column_text]<\/p>\n<h4 style=\"text-align: center;\"> Erfolg und Selbstverwirklichung mit Pferden.<\/h4>\n<p>[\/vc_column_text][vc_separator type=&#8220;transparent&#8220; position=&#8220;center&#8220; up=&#8220;40&#8243; down=&#8220;10&#8243;][vc_column_text] F\u00fcr alle Berufsgruppen, die mit Pferden ihren Lebensunterhalt bestreiten, wie z.B. Z\u00fcchter, Ausbilder und H\u00e4ndler aber auch Reitschulen und Fuhrbetriebe bedeuten die Pferde nicht nur das Kapital des Unternehmens, sie sind auch Gesch\u00e4ftspartner. Im Focus stehen neben der klaren Diagnostik und Therapie bei Erkrankungen vielmehr die optimale und fachgerechte Pflege zur uneingeschr\u00e4nkten Nutzbarkeit des Pferdes letztendlich unter dem Aspekt der Wirtschaftlichkeit des Unternehmens.<br \/>\n[vc_separator type=&#8220;transparent&#8220; up=&#8220;5&#8243; down=&#8220;5&#8243; position=&#8220;center&#8220;]<br \/>\nDie fachtier\u00e4rztliche Betreuung der Pferde hat neben der Standardversorgung bei Krankheiten den Schwerpunkt in der Prophylaxe und dem Leistungserfolg. Unter klarer Kostentransparenz f\u00fcr die tier\u00e4rztlichen Leistungen erm\u00f6glichen individuell auf die Unternehmen abgestimmte und bedarfsorientierte Leistungspakete eine Verbesserung der Wirtschaftlichkeit bei gleichzeitig gesund kooperierenden Pferden und zufriedenen Kunden.<br \/>\n[\/vc_column_text][vc_separator type=&#8220;transparent&#8220; up=&#8220;10&#8243; down=&#8220;10&#8243;]<br \/>\n[vc_separator type=&#8220;transparent&#8220; up=&#8220;5&#8243; down=&#8220;20&#8243; position=&#8220;center&#8220;][vc_column_text][\/vc_column][\/vc_row]<\/p>\n","protected":false},"excerpt":{"rendered":"<p>[vc_row row_type=&#8220;row&#8220; type=&#8220;grid&#8220; text_align=&#8220;left&#8220; padding_top=&#8220;40&#8243; background_color=&#8220;#ffffff&#8220; padding_bottom=&#8220;20&#8243;][vc_column width=&#8220;1\/1&#8243;][vc_column_text] Vom Pferd leben\u2026 [\/vc_column_text][vc_separator type=&#8220;small&#8220; position=&#8220;center&#8220; down=&#8220;38&#8243; up=&#8220;7&#8243;][vc_column_text] Erfolg und Selbstverwirklichung mit Pferden. [\/vc_column_text][vc_separator type=&#8220;transparent&#8220; position=&#8220;center&#8220; up=&#8220;40&#8243; down=&#8220;10&#8243;][vc_column_text] F\u00fcr alle Berufsgruppen, die mit Pferden ihren Lebensunterhalt bestreiten, wie z.B. Z\u00fcchter, Ausbilder und H\u00e4ndler aber auch Reitschulen und&#8230;<\/p>\n","protected":false},"author":1,"featured_media":0,"parent":0,"menu_order":0,"comment_status":"closed","ping_status":"closed","template":"","meta":{"footnotes":""},"class_list":["post-16859","page","type-page","status-publish","hentry"],"_links":{"self":[{"href":"https:\/\/tierarzt-hoeppner.de\/wp\/wordpress\/index.php\/wp-json\/wp\/v2\/pages\/16859","targetHints":{"allow":["GET"]}}],"collection":[{"href":"https:\/\/tierarzt-hoeppner.de\/wp\/wordpress\/index.php\/wp-json\/wp\/v2\/pages"}],"about":[{"href":"https:\/\/tierarzt-hoeppner.de\/wp\/wordpress\/index.php\/wp-json\/wp\/v2\/types\/page"}],"author":[{"embeddable":true,"href":"https:\/\/tierarzt-hoeppner.de\/wp\/wordpress\/index.php\/wp-json\/wp\/v2\/users\/1"}],"replies":[{"embeddable":true,"href":"https:\/\/tierarzt-hoeppner.de\/wp\/wordpress\/index.php\/wp-json\/wp\/v2\/comments?post=16859"}],"version-history":[{"count":1,"href":"https:\/\/tierarzt-hoeppner.de\/wp\/wordpress\/index.php\/wp-json\/wp\/v2\/pages\/16859\/revisions"}],"predecessor-version":[{"id":16860,"href":"https:\/\/tierarzt-hoeppner.de\/wp\/wordpress\/index.php\/wp-json\/wp\/v2\/pages\/16859\/revisions\/16860"}],"wp:attachment":[{"href":"https:\/\/tierarzt-hoeppner.de\/wp\/wordpress\/index.php\/wp-json\/wp\/v2\/media?parent=16859"}],"curies":[{"name":"wp","href":"https:\/\/api.w.org\/{rel}","templated":true}]}}